{"id":209,"date":"2026-02-18T09:02:23","date_gmt":"2026-02-18T08:02:23","guid":{"rendered":"https:\/\/test.nausicaalarere.fr\/?page_id=209"},"modified":"2026-02-26T15:00:48","modified_gmt":"2026-02-26T14:00:48","slug":"espace-client-collections-privees-default","status":"publish","type":"page","link":"https:\/\/test.nausicaalarere.fr\/en\/espace-client-collections-privees-default\/","title":{"rendered":"Espace client (collections priv\u00e9es) [default]"},"content":{"rendered":"\n<p id=\"block-401a3771-660f-468a-ba60-59853d0dc242\">Retrouvez ici toutes les collections priv\u00e9es que vous avez confi\u00e9es \u00e0 Nausicaa<\/p>\n\n\n<ul class=\"picu-collections-list\"><li class=\"picu-status-sent\"><a href=\"https:\/\/test.nausicaalarere.fr\/en\/collections\/collection-b-fabrice-gmail-mot-de-passe-password\/\">Collection B &#8211; Fabrice [gmail] + mot de passe &#8220;password&#8221;<\/a><\/li><li class=\"picu-status-sent\"><a href=\"https:\/\/test.nausicaalarere.fr\/en\/collections\/collection-a-fabrice-free-mot-de-passe-password\/\">Collection A &#8211; Fabrice [free] + mot de passe &#8220;password&#8221;<\/a><\/li><li class=\"picu-status-sent\"><a href=\"https:\/\/test.nausicaalarere.fr\/en\/collections\/test-multi-client\/\">TEST multi client<\/a><\/li><li class=\"picu-status-sent\"><a href=\"https:\/\/test.nausicaalarere.fr\/en\/collections\/testing-nadege_ray\/\">Testing Nad\u00e8ge_Ray<\/a><\/li><li class=\"picu-status-sent\"><a href=\"https:\/\/test.nausicaalarere.fr\/en\/collections\/test-notification-no-options\/\">TEST Notification &#8211; no options<\/a><\/li><\/ul>\n\n\n<p class=\"has-small-font-size\"><br>Retour sur la page d&#8217;accueil <strong><a href=\"https:\/\/test.nausicaalarere.fr\/\" data-type=\"page\" data-id=\"9\">Photographe de portraits<\/a><\/strong><\/p>\n\n\n\n<p><\/p>\n","protected":false},"excerpt":{"rendered":"<p>Retrouvez ici toutes les collections priv\u00e9es que vous avez confi\u00e9es \u00e0 Nausicaa Retour sur la page d&#8217;accueil Photographe de portraits<\/p>","protected":false},"author":1,"featured_media":0,"parent":0,"menu_order":0,"comment_status":"closed","ping_status":"closed","template":"","meta":{"footnotes":""},"class_list":["post-209","page","type-page","status-publish","hentry"],"_links":{"self":[{"href":"https:\/\/test.nausicaalarere.fr\/en\/wp-json\/wp\/v2\/pages\/209","targetHints":{"allow":["GET"]}}],"collection":[{"href":"https:\/\/test.nausicaalarere.fr\/en\/wp-json\/wp\/v2\/pages"}],"about":[{"href":"https:\/\/test.nausicaalarere.fr\/en\/wp-json\/wp\/v2\/types\/page"}],"author":[{"embeddable":true,"href":"https:\/\/test.nausicaalarere.fr\/en\/wp-json\/wp\/v2\/users\/1"}],"replies":[{"embeddable":true,"href":"https:\/\/test.nausicaalarere.fr\/en\/wp-json\/wp\/v2\/comments?post=209"}],"version-history":[{"count":14,"href":"https:\/\/test.nausicaalarere.fr\/en\/wp-json\/wp\/v2\/pages\/209\/revisions"}],"predecessor-version":[{"id":245,"href":"https:\/\/test.nausicaalarere.fr\/en\/wp-json\/wp\/v2\/pages\/209\/revisions\/245"}],"wp:attachment":[{"href":"https:\/\/test.nausicaalarere.fr\/en\/wp-json\/wp\/v2\/media?parent=209"}],"curies":[{"name":"wp","href":"https:\/\/api.w.org\/{rel}","templated":true}]}}