{"id":239,"date":"2026-02-26T14:58:09","date_gmt":"2026-02-26T13:58:09","guid":{"rendered":"https:\/\/test.nausicaalarere.fr\/?page_id=239"},"modified":"2026-02-26T15:04:01","modified_gmt":"2026-02-26T14:04:01","slug":"espace-client-collections-privees-picu-client","status":"publish","type":"page","link":"https:\/\/test.nausicaalarere.fr\/en\/espace-client-collections-privees-picu-client\/","title":{"rendered":"Espace client (collections priv\u00e9es) [picu client]"},"content":{"rendered":"\n<p id=\"block-401a3771-660f-468a-ba60-59853d0dc242\">Retrouvez ici toutes les collections priv\u00e9es que vous avez confi\u00e9es \u00e0 Nausicaa<br>Saisissez simplement votre email et <strong>au besoin <\/strong>votre mot de passe picu s&#8217;il n&#8217;est pas vierge<\/p>\n\n\n<div class=\"picu-client-block-container\">\n\t\t<form method=\"post\" class=\"picu-client-login-form\" id=\"picu_client_form\" >\n\t\t\t<div style=\"margin-bottom: 10px;\">\n\t\t\t\t<label for=\"picu-client-email\">Email:<\/label>\n\t\t\t\t<input class=\"input\" type=\"email\" name=\"picu-client-email\" id=\"picu-client-email\" value=\"\" autocomplete=\"email\" required \/>\n\t\t\t<\/div>\n\t\t\t<div style=\"margin-bottom: 10px;\">\n\t\t\t\t<label for=\"picu-client-password\">Password:<\/label>\n\t\t\t\t<input class=\"input\" type=\"password\" name=\"picu-client-password\" id=\"picu-client-password\" value=\"\" autocomplete=\"new-password\" \/>\n\t\t\t<\/div>\n\t\t\t<div class=\"picu-client-block-container\">\n\t\t\t\t<input type=\"submit\"  value=\"Show My Collections\"\/>\n\t\t\t<\/div>\n\t\t<\/form><div class=\"picu-client-results\"><p>No collections found.<\/p><\/div><\/div>\n\t\t<script>\n\t\t\t(function() {\n\t\t\t\t\/\/ Find all instances just in case there are multiple blocks on one page\n\t\t\t\tvar containers = document.querySelectorAll(\".picu-client-block-container\");\n\t\t\t\tcontainers.forEach(function(container) {\n\t\t\t\t\tvar emailInput = container.querySelector(\"input[name='picu-client-email']\");\n\t\t\t\t\tvar passInput = container.querySelector(\"input[name='picu-client-password']\");\n\t\t\t\t\tvar resultsDiv = container.querySelector(\".picu-client-results\");\n\n\t\t\t\t\t\/\/ Function to completely empty the HTML content\n\t\t\t\t\tfunction clearResults() {\n\t\t\t\t\t\tif (resultsDiv) {\n\t\t\t\t\t\t\tresultsDiv.innerHTML = \"\";\n\t\t\t\t\t\t}\n\t\t\t\t\t}\n\n\t\t\t\t\t\/\/ Listen for ANY changes (typing, deleting, pasting)\n\t\t\t\t\tif (emailInput) emailInput.addEventListener(\"input\", clearResults);\n\t\t\t\t\tif (passInput) passInput.addEventListener(\"input\", clearResults);\n\t\t\t\t});\n\t\t\t})();\n\t\t<\/script>\n\n\n<p class=\"has-small-font-size\"><br>Retour sur la page d&#8217;accueil <strong><a href=\"https:\/\/test.nausicaalarere.fr\/\" data-type=\"page\" data-id=\"9\">Photographe de portraits<\/a><\/strong><\/p>\n\n\n\n<p><\/p>\n","protected":false},"excerpt":{"rendered":"<p>Retrouvez ici toutes les collections priv\u00e9es que vous avez confi\u00e9es \u00e0 NausicaaSaisissez simplement votre email et au besoin votre mot de passe picu s&#8217;il n&#8217;est pas vierge Retour sur la page d&#8217;accueil Photographe de portraits<\/p>","protected":false},"author":1,"featured_media":0,"parent":0,"menu_order":0,"comment_status":"closed","ping_status":"closed","template":"","meta":{"footnotes":""},"class_list":["post-239","page","type-page","status-publish","hentry"],"_links":{"self":[{"href":"https:\/\/test.nausicaalarere.fr\/en\/wp-json\/wp\/v2\/pages\/239","targetHints":{"allow":["GET"]}}],"collection":[{"href":"https:\/\/test.nausicaalarere.fr\/en\/wp-json\/wp\/v2\/pages"}],"about":[{"href":"https:\/\/test.nausicaalarere.fr\/en\/wp-json\/wp\/v2\/types\/page"}],"author":[{"embeddable":true,"href":"https:\/\/test.nausicaalarere.fr\/en\/wp-json\/wp\/v2\/users\/1"}],"replies":[{"embeddable":true,"href":"https:\/\/test.nausicaalarere.fr\/en\/wp-json\/wp\/v2\/comments?post=239"}],"version-history":[{"count":4,"href":"https:\/\/test.nausicaalarere.fr\/en\/wp-json\/wp\/v2\/pages\/239\/revisions"}],"predecessor-version":[{"id":249,"href":"https:\/\/test.nausicaalarere.fr\/en\/wp-json\/wp\/v2\/pages\/239\/revisions\/249"}],"wp:attachment":[{"href":"https:\/\/test.nausicaalarere.fr\/en\/wp-json\/wp\/v2\/media?parent=239"}],"curies":[{"name":"wp","href":"https:\/\/api.w.org\/{rel}","templated":true}]}}