{"id":243,"date":"2026-02-26T15:00:00","date_gmt":"2026-02-26T14:00:00","guid":{"rendered":"https:\/\/test.nausicaalarere.fr\/?page_id=243"},"modified":"2026-02-26T15:02:31","modified_gmt":"2026-02-26T14:02:31","slug":"espace-client-collections-privees-picu-client-secured","status":"publish","type":"page","link":"https:\/\/test.nausicaalarere.fr\/en\/espace-client-collections-privees-picu-client-secured\/","title":{"rendered":"Espace client (collections priv\u00e9es) [picu client secured]"},"content":{"rendered":"\n<p id=\"block-401a3771-660f-468a-ba60-59853d0dc242\">Retrouvez ici toutes les collections priv\u00e9es que vous avez confi\u00e9es \u00e0 Nausicaa<br>Saisissez simplement votre email et <strong>obligatoirement <\/strong>votre mot de passe picu, qui ne doit pas \u00eatre vierge<\/p>\n\n\n<div class=\"picu-client-block-container\">\n\t\t<form method=\"post\" class=\"picu-client-login-form\" id=\"picu_client_form\" >\n\t\t\t<div style=\"margin-bottom: 10px;\">\n\t\t\t\t<label for=\"picu-client-email\">Email:<\/label>\n\t\t\t\t<input class=\"input\" type=\"email\" name=\"picu-client-email\" id=\"picu-client-email\" value=\"\" autocomplete=\"email\" required \/>\n\t\t\t<\/div>\n\t\t\t<div style=\"margin-bottom: 10px;\">\n\t\t\t\t<label for=\"picu-client-password\">Password:<\/label>\n\t\t\t\t<input class=\"input\" type=\"password\" name=\"picu-client-password\" id=\"picu-client-password\" value=\"\" autocomplete=\"new-password\" required \/>\n\t\t\t<\/div>\n\t\t\t<div class=\"picu-client-block-container\">\n\t\t\t\t<input type=\"submit\"  value=\"Show My Collections\"\/>\n\t\t\t<\/div>\n\t\t<\/form><div class=\"picu-client-results\"><p>No collections found.<\/p><\/div><\/div>\n\t\t<script>\n\t\t\t(function() {\n\t\t\t\t\/\/ Find all instances just in case there are multiple blocks on one page\n\t\t\t\tvar containers = document.querySelectorAll(\".picu-client-block-container\");\n\t\t\t\tcontainers.forEach(function(container) {\n\t\t\t\t\tvar emailInput = container.querySelector(\"input[name='picu-client-email']\");\n\t\t\t\t\tvar passInput = container.querySelector(\"input[name='picu-client-password']\");\n\t\t\t\t\tvar resultsDiv = container.querySelector(\".picu-client-results\");\n\n\t\t\t\t\t\/\/ Function to completely empty the HTML content\n\t\t\t\t\tfunction clearResults() {\n\t\t\t\t\t\tif (resultsDiv) {\n\t\t\t\t\t\t\tresultsDiv.innerHTML = \"\";\n\t\t\t\t\t\t}\n\t\t\t\t\t}\n\n\t\t\t\t\t\/\/ Listen for ANY changes (typing, deleting, pasting)\n\t\t\t\t\tif (emailInput) emailInput.addEventListener(\"input\", clearResults);\n\t\t\t\t\tif (passInput) passInput.addEventListener(\"input\", clearResults);\n\t\t\t\t});\n\t\t\t})();\n\t\t<\/script>\n\n\n<p class=\"has-small-font-size\"><br>Retour sur la page d&#8217;accueil <strong><a href=\"https:\/\/test.nausicaalarere.fr\/\" data-type=\"page\" data-id=\"9\">Photographe de portraits<\/a><\/strong><\/p>\n\n\n\n<p><\/p>\n","protected":false},"excerpt":{"rendered":"<p>Retrouvez ici toutes les collections priv\u00e9es que vous avez confi\u00e9es \u00e0 NausicaaSaisissez simplement votre email et obligatoirement votre mot de passe picu, qui ne doit pas \u00eatre vierge Retour sur la page d&#8217;accueil Photographe de portraits<\/p>","protected":false},"author":1,"featured_media":0,"parent":0,"menu_order":0,"comment_status":"closed","ping_status":"closed","template":"","meta":{"footnotes":""},"class_list":["post-243","page","type-page","status-publish","hentry"],"_links":{"self":[{"href":"https:\/\/test.nausicaalarere.fr\/en\/wp-json\/wp\/v2\/pages\/243","targetHints":{"allow":["GET"]}}],"collection":[{"href":"https:\/\/test.nausicaalarere.fr\/en\/wp-json\/wp\/v2\/pages"}],"about":[{"href":"https:\/\/test.nausicaalarere.fr\/en\/wp-json\/wp\/v2\/types\/page"}],"author":[{"embeddable":true,"href":"https:\/\/test.nausicaalarere.fr\/en\/wp-json\/wp\/v2\/users\/1"}],"replies":[{"embeddable":true,"href":"https:\/\/test.nausicaalarere.fr\/en\/wp-json\/wp\/v2\/comments?post=243"}],"version-history":[{"count":3,"href":"https:\/\/test.nausicaalarere.fr\/en\/wp-json\/wp\/v2\/pages\/243\/revisions"}],"predecessor-version":[{"id":3572,"href":"https:\/\/test.nausicaalarere.fr\/en\/wp-json\/wp\/v2\/pages\/243\/revisions\/3572"}],"wp:attachment":[{"href":"https:\/\/test.nausicaalarere.fr\/en\/wp-json\/wp\/v2\/media?parent=243"}],"curies":[{"name":"wp","href":"https:\/\/api.w.org\/{rel}","templated":true}]}}