{"id":9,"date":"2025-12-06T16:17:22","date_gmt":"2025-12-06T15:17:22","guid":{"rendered":"https:\/\/test.nausicaalarere.fr\/?page_id=9"},"modified":"2026-02-26T15:16:27","modified_gmt":"2026-02-26T14:16:27","slug":"photographe-de-portraits","status":"publish","type":"page","link":"https:\/\/test.nausicaalarere.fr\/en\/","title":{"rendered":"Photographe de portraits"},"content":{"rendered":"<p><strong>Duo\/Solo &#8211; Mode &#8211; Famille &#8211; Mariage &#8211; Entreprise &#8211; Book com\u00e9dien<\/strong><\/p>\n<p>Bonjour, ceci est le site r\u00e9serv\u00e9 \u00e0 ma client\u00e8le.<\/p>\n<p>Pour consulter mon book, voir un aper\u00e7u de mes r\u00e9alisations et conna\u00eetre mes tarifs, <strong>rendez-vous sur <a href=\"http:\/\/nausicaalarere.net\" data-type=\"link\" data-id=\"nausicaalarere.net\">nausicaalarere.net<\/a><\/strong><\/p>\n<p>Retrouvez toutes les collections test sur <strong><a href=\"https:\/\/test.nausicaalarere.fr\/espace-client-collections-privees-default\/\">Espace client (collections priv\u00e9es) [default]<\/a><\/strong><\/p>\n<p>Si vous \u00eates client test, retrouvez toutes vos collections test, avec ou sans mot de passe, sur <strong><a href=\"https:\/\/test.nausicaalarere.fr\/espace-client-collections-privees-picu-client\/\">Espace client (collections priv\u00e9es) [picu client]<\/a><\/strong><\/p>\n<p>Si vous \u00eates client test, retrouvez toutes vos collections test, uniquement avec mot de passe, sur <strong><a href=\"https:\/\/test.nausicaalarere.fr\/espace-client-collections-privees-picu-client-secured\/\">Espace client (collections priv\u00e9es) [picu client secured]<\/a><\/strong><\/p>\n<p>\u00c0 bient\u00f4t<br \/>Nausicaa<\/p>\n\n\n<p><\/p>\n","protected":false},"excerpt":{"rendered":"<p>Duo\/Solo &#8211; Mode &#8211; Famille &#8211; Mariage &#8211; Entreprise &#8211; Book com\u00e9dien Bonjour, ceci est le site r\u00e9serv\u00e9 \u00e0 ma client\u00e8le. Pour consulter mon book, voir un aper\u00e7u de mes r\u00e9alisations et conna\u00eetre mes tarifs, rendez-vous sur nausicaalarere.net Retrouvez toutes les collections test sur Espace client (collections priv\u00e9es) [default] Si vous \u00eates client test, retrouvez &hellip; <\/p>\n<p class=\"link-more\"><a href=\"https:\/\/test.nausicaalarere.fr\/en\/\" class=\"more-link\">Continue reading<span class=\"screen-reader-text\"> &#8220;Photographe de portraits&#8221;<\/span><\/a><\/p>\n","protected":false},"author":1,"featured_media":0,"parent":0,"menu_order":0,"comment_status":"closed","ping_status":"closed","template":"","meta":{"footnotes":""},"class_list":["post-9","page","type-page","status-publish","hentry"],"_links":{"self":[{"href":"https:\/\/test.nausicaalarere.fr\/en\/wp-json\/wp\/v2\/pages\/9","targetHints":{"allow":["GET"]}}],"collection":[{"href":"https:\/\/test.nausicaalarere.fr\/en\/wp-json\/wp\/v2\/pages"}],"about":[{"href":"https:\/\/test.nausicaalarere.fr\/en\/wp-json\/wp\/v2\/types\/page"}],"author":[{"embeddable":true,"href":"https:\/\/test.nausicaalarere.fr\/en\/wp-json\/wp\/v2\/users\/1"}],"replies":[{"embeddable":true,"href":"https:\/\/test.nausicaalarere.fr\/en\/wp-json\/wp\/v2\/comments?post=9"}],"version-history":[{"count":5,"href":"https:\/\/test.nausicaalarere.fr\/en\/wp-json\/wp\/v2\/pages\/9\/revisions"}],"predecessor-version":[{"id":254,"href":"https:\/\/test.nausicaalarere.fr\/en\/wp-json\/wp\/v2\/pages\/9\/revisions\/254"}],"wp:attachment":[{"href":"https:\/\/test.nausicaalarere.fr\/en\/wp-json\/wp\/v2\/media?parent=9"}],"curies":[{"name":"wp","href":"https:\/\/api.w.org\/{rel}","templated":true}]}}